{"id":58,"date":"2014-11-25T12:02:48","date_gmt":"2014-11-25T12:02:48","guid":{"rendered":"http:\/\/www.us-visa.de\/visa\/beispiel-seite-2"},"modified":"2022-05-30T12:01:23","modified_gmt":"2022-05-30T10:01:23","slug":"beispiel-seite","status":"publish","type":"page","link":"https:\/\/www.us-visa.de\/en\/","title":{"rendered":"Startseite"},"content":{"rendered":"\n\t<section  class=\"content-section      vc-background-transparent   vc-no-inner-padding  \" >\n\t\t<div class=\"row \">\n\t\t\t[vc_column width=&#8221;1\/2&#8243;][vc_column_text]\n<h2>Visa + GreenCard: Ihre Eintrittskarten in die USA<\/h2>\n<p>Sie m\u00f6chten sich l\u00e4ngere Zeit in den USA aufhalten, dort eine Weile leben, arbeiten, investieren, eine Firma gr\u00fcnden?\u00a0Dann kommen Sie nicht ohne eine passende Berechtigung aus: ein Visum oder aber die GreenCard.<\/p>\n<p>Aber welches US-Visum ist f\u00fcr welche Art von Aufenthalt in den USA geeignet? Und wie sieht das Procedere bei einem Visa-Antrag aus?<\/p>\n<p>F\u00fcr unsere Kunden ist die Sache ganz einfach. Das Team des Unternehmens ALTON mit Standorten in Miami und Wiesbaden ber\u00e4t seine Kunden seit vielen Jahren in Visa-Fragen und bietet Unterst\u00fctzung bei den Antr\u00e4gen, sodass Fehler vermieden werden.<\/p>\n<p>Dadurch erhalten Sie das ben\u00f6tigte Visum in k\u00fcrzestm\u00f6glicher Zeit.[\/vc_column_text][\/vc_column][vc_column width=&#8221;1\/2&#8243;][vc_column_text]\n<h2>Wir beraten und unterst\u00fctzen Sie bei den Antr\u00e4gen!<\/h2>\n<p>Konkret unterst\u00fctzt ALTON Sie beim Antrag auf die Arbeits- und\/oder Gesch\u00e4ftsvisa E1 und E2 sowie auf die Visa rund um die Versendung von Mitarbeitern in die USA L1a, L1b und L2. Dabei setzt die Dienstleistung des ALTON Teams genau dort an, wo der individuelle Kunde Hilfe ben\u00f6tigt. M\u00f6glicherweise beginnt die Unterst\u00fctzung mit einer Visa-Beratung zur Kl\u00e4rung, welche Visa \u00fcberhaupt f\u00fcr den Kunden infrage kommen.<\/p>\n<p>Eventuell setzt die Unterst\u00fctzung aber auch erst bei Schritt 2 an, weil den Kunden bereits klar ist, welche US-Visa sie ben\u00f6tigen. Dann \u00fcbernimmt ALTON ohne vorherige Visa-Beratung s\u00e4mtliche Formalit\u00e4ten rund um die n\u00f6tigen Antr\u00e4ge. Das Ziel bleibt gleich: Der Kunde soll die von ihm ben\u00f6tigten US-Visa schnell und ohne gro\u00dfen Aufwand bekommen. Und das ALTON Team bringt alle Kompetenzen mit, um dieses Ziel bei jedem einzelnen Kunden zu erf\u00fcllen.<\/p>\n<h4>Sie sehen: ALTON kann eine Menge f\u00fcr Sie tun. \u00dcberzeugen Sie sich selbst.<\/h4>\n[\/vc_column_text][\/vc_column]\t\t<\/div>\n\t\t\t<\/section>\n\n\t\n\t<section  class=\"content-section       \" >\n\t\t<div class=\"row \">\n\t\t\t[vc_column][vc_column_text]\n<h2>Unsere Kunden<\/h2>\n<p><a href=\"https:\/\/www.us-visa.de\/ueber-uns\/referenzen\/\"><img loading=\"lazy\" decoding=\"async\" class=\"aligncenter wp-image-4980 size-full\" src=\"https:\/\/www.us-visa.de\/wp-content\/uploads\/2022\/05\/altoncustomers.png\" alt=\"\" width=\"993\" height=\"280\" srcset=\"https:\/\/www.us-visa.de\/wp-content\/uploads\/2022\/05\/altoncustomers.png 993w, https:\/\/www.us-visa.de\/wp-content\/uploads\/2022\/05\/altoncustomers-300x85.png 300w, https:\/\/www.us-visa.de\/wp-content\/uploads\/2022\/05\/altoncustomers-768x217.png 768w\" sizes=\"auto, (max-width: 993px) 100vw, 993px\" \/><\/a>[\/vc_column_text][\/vc_column]\t\t<\/div>\n\t\t\t<\/section>\n\n\t\n","protected":false},"excerpt":{"rendered":"[vc_column width=\"1\/2\"][vc_column_text] Visa + GreenCard: Ihre Eintrittskarten in die USA Sie m\u00f6chten sich l\u00e4ngere Zeit in den USA aufhalten, dort eine Weile leben, arbeiten, investieren, eine Firma gr\u00fcnden?\u00a0Dann kommen Sie nicht ohne eine passende Berechtigung aus: ein Visum oder aber die GreenCard. Aber welches US-Visum ist f\u00fcr welche Art von <a class=\"moretag\" href=\"https:\/\/www.us-visa.de\/en\/\">read more...<\/a>","protected":false},"author":4,"featured_media":0,"parent":0,"menu_order":7,"comment_status":"open","ping_status":"open","template":"tmpl\/template-home.php","meta":{"_acf_changed":false,"footnotes":"","_links_to":"","_links_to_target":""},"class_list":["post-58","page","type-page","status-publish","hentry"],"acf":[],"yoast_head":"<!-- This site is optimized with the Yoast SEO plugin v27.5 - https:\/\/yoast.com\/product\/yoast-seo-wordpress\/ -->\n<title>Startseite - us-visa.de<\/title>\n<meta name=\"robots\" content=\"index, follow, max-snippet:-1, max-image-preview:large, max-video-preview:-1\" \/>\n<link rel=\"canonical\" href=\"https:\/\/www.us-visa.de\/en\/\" \/>\n<meta property=\"og:locale\" content=\"en_US\" \/>\n<meta property=\"og:type\" content=\"article\" \/>\n<meta property=\"og:title\" content=\"Startseite - us-visa.de\" \/>\n<meta property=\"og:url\" content=\"https:\/\/www.us-visa.de\/en\/\" \/>\n<meta property=\"og:site_name\" content=\"us-visa.de\" \/>\n<meta property=\"article:modified_time\" content=\"2022-05-30T10:01:23+00:00\" \/>\n<meta property=\"og:image\" content=\"https:\/\/www.us-visa.de\/wp-content\/uploads\/2022\/05\/altoncustomers.png\" \/>\n<meta name=\"twitter:label1\" content=\"Est. reading time\" \/>\n\t<meta name=\"twitter:data1\" content=\"2 minutes\" \/>\n<script type=\"application\/ld+json\" class=\"yoast-schema-graph\">{\"@context\":\"https:\\\/\\\/schema.org\",\"@graph\":[{\"@type\":\"WebPage\",\"@id\":\"https:\\\/\\\/www.us-visa.de\\\/en\\\/\",\"url\":\"https:\\\/\\\/www.us-visa.de\\\/en\\\/\",\"name\":\"Startseite - us-visa.de\",\"isPartOf\":{\"@id\":\"https:\\\/\\\/www.us-visa.de\\\/#website\"},\"primaryImageOfPage\":{\"@id\":\"https:\\\/\\\/www.us-visa.de\\\/en\\\/#primaryimage\"},\"image\":{\"@id\":\"https:\\\/\\\/www.us-visa.de\\\/en\\\/#primaryimage\"},\"thumbnailUrl\":\"https:\\\/\\\/www.us-visa.de\\\/wp-content\\\/uploads\\\/2022\\\/05\\\/altoncustomers.png\",\"datePublished\":\"2014-11-25T12:02:48+00:00\",\"dateModified\":\"2022-05-30T10:01:23+00:00\",\"breadcrumb\":{\"@id\":\"https:\\\/\\\/www.us-visa.de\\\/en\\\/#breadcrumb\"},\"inLanguage\":\"en-US\",\"potentialAction\":[{\"@type\":\"ReadAction\",\"target\":[\"https:\\\/\\\/www.us-visa.de\\\/en\\\/\"]}]},{\"@type\":\"ImageObject\",\"inLanguage\":\"en-US\",\"@id\":\"https:\\\/\\\/www.us-visa.de\\\/en\\\/#primaryimage\",\"url\":\"https:\\\/\\\/www.us-visa.de\\\/wp-content\\\/uploads\\\/2022\\\/05\\\/altoncustomers.png\",\"contentUrl\":\"https:\\\/\\\/www.us-visa.de\\\/wp-content\\\/uploads\\\/2022\\\/05\\\/altoncustomers.png\"},{\"@type\":\"BreadcrumbList\",\"@id\":\"https:\\\/\\\/www.us-visa.de\\\/en\\\/#breadcrumb\",\"itemListElement\":[{\"@type\":\"ListItem\",\"position\":1,\"name\":\"Home\",\"item\":\"https:\\\/\\\/www.us-visa.de\\\/en\\\/\"},{\"@type\":\"ListItem\",\"position\":2,\"name\":\"Startseite\"}]},{\"@type\":\"WebSite\",\"@id\":\"https:\\\/\\\/www.us-visa.de\\\/#website\",\"url\":\"https:\\\/\\\/www.us-visa.de\\\/\",\"name\":\"us-visa.de\",\"description\":\"\",\"potentialAction\":[{\"@type\":\"SearchAction\",\"target\":{\"@type\":\"EntryPoint\",\"urlTemplate\":\"https:\\\/\\\/www.us-visa.de\\\/?s={search_term_string}\"},\"query-input\":{\"@type\":\"PropertyValueSpecification\",\"valueRequired\":true,\"valueName\":\"search_term_string\"}}],\"inLanguage\":\"en-US\"}]}<\/script>\n<!-- \/ Yoast SEO plugin. -->","yoast_head_json":{"title":"Startseite - us-visa.de","robots":{"index":"index","follow":"follow","max-snippet":"max-snippet:-1","max-image-preview":"max-image-preview:large","max-video-preview":"max-video-preview:-1"},"canonical":"https:\/\/www.us-visa.de\/en\/","og_locale":"en_US","og_type":"article","og_title":"Startseite - us-visa.de","og_url":"https:\/\/www.us-visa.de\/en\/","og_site_name":"us-visa.de","article_modified_time":"2022-05-30T10:01:23+00:00","og_image":[{"url":"https:\/\/www.us-visa.de\/wp-content\/uploads\/2022\/05\/altoncustomers.png","type":"","width":"","height":""}],"twitter_misc":{"Est. reading time":"2 minutes"},"schema":{"@context":"https:\/\/schema.org","@graph":[{"@type":"WebPage","@id":"https:\/\/www.us-visa.de\/en\/","url":"https:\/\/www.us-visa.de\/en\/","name":"Startseite - us-visa.de","isPartOf":{"@id":"https:\/\/www.us-visa.de\/#website"},"primaryImageOfPage":{"@id":"https:\/\/www.us-visa.de\/en\/#primaryimage"},"image":{"@id":"https:\/\/www.us-visa.de\/en\/#primaryimage"},"thumbnailUrl":"https:\/\/www.us-visa.de\/wp-content\/uploads\/2022\/05\/altoncustomers.png","datePublished":"2014-11-25T12:02:48+00:00","dateModified":"2022-05-30T10:01:23+00:00","breadcrumb":{"@id":"https:\/\/www.us-visa.de\/en\/#breadcrumb"},"inLanguage":"en-US","potentialAction":[{"@type":"ReadAction","target":["https:\/\/www.us-visa.de\/en\/"]}]},{"@type":"ImageObject","inLanguage":"en-US","@id":"https:\/\/www.us-visa.de\/en\/#primaryimage","url":"https:\/\/www.us-visa.de\/wp-content\/uploads\/2022\/05\/altoncustomers.png","contentUrl":"https:\/\/www.us-visa.de\/wp-content\/uploads\/2022\/05\/altoncustomers.png"},{"@type":"BreadcrumbList","@id":"https:\/\/www.us-visa.de\/en\/#breadcrumb","itemListElement":[{"@type":"ListItem","position":1,"name":"Home","item":"https:\/\/www.us-visa.de\/en\/"},{"@type":"ListItem","position":2,"name":"Startseite"}]},{"@type":"WebSite","@id":"https:\/\/www.us-visa.de\/#website","url":"https:\/\/www.us-visa.de\/","name":"us-visa.de","description":"","potentialAction":[{"@type":"SearchAction","target":{"@type":"EntryPoint","urlTemplate":"https:\/\/www.us-visa.de\/?s={search_term_string}"},"query-input":{"@type":"PropertyValueSpecification","valueRequired":true,"valueName":"search_term_string"}}],"inLanguage":"en-US"}]}},"_links":{"self":[{"href":"https:\/\/www.us-visa.de\/en\/wp-json\/wp\/v2\/pages\/58","targetHints":{"allow":["GET"]}}],"collection":[{"href":"https:\/\/www.us-visa.de\/en\/wp-json\/wp\/v2\/pages"}],"about":[{"href":"https:\/\/www.us-visa.de\/en\/wp-json\/wp\/v2\/types\/page"}],"author":[{"embeddable":true,"href":"https:\/\/www.us-visa.de\/en\/wp-json\/wp\/v2\/users\/4"}],"replies":[{"embeddable":true,"href":"https:\/\/www.us-visa.de\/en\/wp-json\/wp\/v2\/comments?post=58"}],"version-history":[{"count":15,"href":"https:\/\/www.us-visa.de\/en\/wp-json\/wp\/v2\/pages\/58\/revisions"}],"predecessor-version":[{"id":4983,"href":"https:\/\/www.us-visa.de\/en\/wp-json\/wp\/v2\/pages\/58\/revisions\/4983"}],"wp:attachment":[{"href":"https:\/\/www.us-visa.de\/en\/wp-json\/wp\/v2\/media?parent=58"}],"curies":[{"name":"wp","href":"https:\/\/api.w.org\/{rel}","templated":true}]}}